{"id":117876,"date":"2023-07-12T14:59:55","date_gmt":"2023-07-12T12:59:55","guid":{"rendered":"http:\/\/espacesantefamille.com\/?page_id=117876"},"modified":"2023-08-11T11:46:21","modified_gmt":"2023-08-11T09:46:21","slug":"atelier","status":"publish","type":"page","link":"https:\/\/espacesantefamille.com\/index.php\/atelier\/","title":{"rendered":"Atelier"},"content":{"rendered":"<div class=\"wpb-content-wrapper\"><p>[vc_row row_height_percent=\u00a0\u00bb65&Prime; override_padding=\u00a0\u00bbyes\u00a0\u00bb h_padding=\u00a0\u00bb2&Prime; top_padding=\u00a0\u00bb3&Prime; bottom_padding=\u00a0\u00bb3&Prime; back_image=\u00a0\u00bb117984&Prime; back_position=\u00a0\u00bbcenter bottom\u00a0\u00bb parallax=\u00a0\u00bbyes\u00a0\u00bb kburns=\u00a0\u00bbzoom\u00a0\u00bb overlay_alpha=\u00a0\u00bb50&Prime; gutter_size=\u00a0\u00bb3&Prime; column_width_percent=\u00a0\u00bb100&Prime; shift_y=\u00a0\u00bb0&Prime; z_index=\u00a0\u00bb0&Prime; top_divider=\u00a0\u00bbgradient\u00a0\u00bb uncode_shortcode_id=\u00a0\u00bb150357&Prime;][vc_column column_width_percent=\u00a0\u00bb100&Prime; position_vertical=\u00a0\u00bbmiddle\u00a0\u00bb gutter_size=\u00a0\u00bb2&Prime; style=\u00a0\u00bbdark\u00a0\u00bb overlay_alpha=\u00a0\u00bb50&Prime; shift_x=\u00a0\u00bb0&Prime; shift_y=\u00a0\u00bb0&Prime; shift_y_down=\u00a0\u00bb0&Prime; z_index=\u00a0\u00bb0&Prime; medium_width=\u00a0\u00bb0&Prime; mobile_width=\u00a0\u00bb0&Prime; width=\u00a0\u00bb1\/1&Prime;][\/vc_column][\/vc_row][vc_row row_height_percent=\u00a0\u00bb0&Prime; override_padding=\u00a0\u00bbyes\u00a0\u00bb h_padding=\u00a0\u00bb2&Prime; top_padding=\u00a0\u00bb5&Prime; bottom_padding=\u00a0\u00bb5&Prime; overlay_alpha=\u00a0\u00bb50&Prime; gutter_size=\u00a0\u00bb4&Prime; column_width_percent=\u00a0\u00bb100&Prime; shift_y=\u00a0\u00bb0&Prime; z_index=\u00a0\u00bb1&Prime; top_divider=\u00a0\u00bbgradient\u00a0\u00bb bottom_divider=\u00a0\u00bbgradient\u00a0\u00bb][vc_column column_width_percent=\u00a0\u00bb100&Prime; gutter_size=\u00a0\u00bb2&Prime; overlay_alpha=\u00a0\u00bb50&Prime; shift_x=\u00a0\u00bb0&Prime; shift_y=\u00a0\u00bb0&Prime; shift_y_down=\u00a0\u00bb0&Prime; z_index=\u00a0\u00bb0&Prime; medium_width=\u00a0\u00bb0&Prime; mobile_width=\u00a0\u00bb0&Prime; width=\u00a0\u00bb1\/1&Prime;][vc_custom_heading text_color=\u00a0\u00bbcolor-112534&Prime; heading_semantic=\u00a0\u00bbh6&Prime; text_size=\u00a0\u00bbh6&Prime; text_transform=\u00a0\u00bbuppercase\u00a0\u00bb css_animation=\u00a0\u00bbzoom-out\u00a0\u00bb uncode_shortcode_id=\u00a0\u00bb158286&Prime; text_color_type=\u00a0\u00bbuncode-palette\u00a0\u00bb]<\/p>\n<div class=\"page\" title=\"Page 1\">\n<div class=\"section\">\n<div class=\"layoutArea\">\n<div class=\"column\">\n<p>PREVENTION<\/p>\n<\/div>\n<\/div>\n<\/div>\n<\/div>\n<p>[\/vc_custom_heading][vc_custom_heading heading_semantic=\u00a0\u00bbh3&Prime; text_size=\u00a0\u00bbh3&Prime; text_transform=\u00a0\u00bbuppercase\u00a0\u00bb css_animation=\u00a0\u00bbzoom-out\u00a0\u00bb uncode_shortcode_id=\u00a0\u00bb758682&Prime;]<\/p>\n<div class=\"page\" title=\"Page 1\">\n<div class=\"section\">\n<div class=\"layoutArea\">\n<div class=\"column\">\n<p>L\u2019axe Formation\u00a0 Pr\u00e9vention<\/p>\n<\/div>\n<\/div>\n<\/div>\n<\/div>\n<p>[\/vc_custom_heading][vc_row_inner][vc_column_inner width=\u00a0\u00bb1\/2&Prime;][vc_column_text css_animation=\u00a0\u00bbright-t-left\u00a0\u00bb uncode_shortcode_id=\u00a0\u00bb149327&Prime;]l\u2019axe Pr\u00e9ventif s\u2019articule autour de la sensibilisation des familles sur des questions en lien avec la sant\u00e9, l\u2019hygi\u00e8ne, mais \u00e9galement la parentalit\u00e9, l\u2019acc\u00e8s aux pratiques \u00e9ducatives adapt\u00e9es \u00e0 l\u2019enfant, le soin au tout petit, aux conflits conjugaux et la d\u00e9linquance.<br \/>\nPour ce faire l\u2019ASBL organise:<br \/>\nDes cours d\u2019\u00e9ducation \u00e0 la parentalit\u00e9 (sous contrainte ou pas)- ceux-ci se d\u00e9roulent sous forme de modules anim\u00e9 par une psychologue, un \u00e9ducateur, une di\u00e9t\u00e9ticienne et une assistante sociale.<br \/>\nDes formations dans le domaine de la sant\u00e9, de l\u2019\u00e9ducation, de la famille etc.<br \/>\nDes ateliers de sensibilisation et de pr\u00e9vention en lien avec l\u2019objet social (\u00e9ducation, alimentation, hygi\u00e8ne, d\u00e9linquance, maltraitance, pratiques \u00e9ducatives abusives etc).<br \/>\nDes interventions th\u00e9rapeutiques en lien avec le bien \u00eatre familial abord\u00e9es avec une \u00ab vision \u00bb syst\u00e9mique.[\/vc_column_text][\/vc_column_inner][vc_column_inner width=\u00a0\u00bb1\/2&Prime;][vc_column_text css_animation=\u00a0\u00bbleft-t-right\u00a0\u00bb uncode_shortcode_id=\u00a0\u00bb157179&Prime;]Le d\u00e9veloppement \u00e0 moyen terme d\u2019une plate forme de communication en ligne qui r\u00e9pondrait \u00e0 des questions en lien avec l\u2019\u00e9ducation, et le bien \u00eatre psychologique destin\u00e9es aux parents et aux jeunes.<\/p>\n<p>En plus de moments de sensibilisation au sein de l\u2019Espace Sant\u00e9 Famille, les professionnels animent \u00e9missions de radio en externe autour de probl\u00e9matiques en lien avec leurs sp\u00e9cialit\u00e9s et l\u2019objet social. Une salle de s\u00e9minaire est \u00e9galement \u00e0 disposition des praticiens afin de proposer des journ\u00e9es ou demi-journ\u00e9es de sensibilisation en lien avec la sant\u00e9 physique et psychique.<br \/>\nTout ceci est organis\u00e9 par des professionnels de la sant\u00e9 asserment\u00e9s et\/ou accr\u00e9dit\u00e9s (psychologue, p\u00e9dagogue, \u00e9ducateur, m\u00e9decins&#8230;) membre ou non de l\u2019ASBL ESF.[\/vc_column_text][\/vc_column_inner][\/vc_row_inner][\/vc_column][\/vc_row]<\/p>\n<\/div>","protected":false},"excerpt":{"rendered":"<p>[vc_row row_height_percent=\u00a0\u00bb65&Prime; override_padding=\u00a0\u00bbyes\u00a0\u00bb h_padding=\u00a0\u00bb2&Prime; top_padding=\u00a0\u00bb3&Prime; bottom_padding=\u00a0\u00bb3&Prime; back_image=\u00a0\u00bb117984&Prime; back_position=\u00a0\u00bbcenter bottom\u00a0\u00bb parallax=\u00a0\u00bbyes\u00a0\u00bb kburns=\u00a0\u00bbzoom\u00a0\u00bb overlay_alpha=\u00a0\u00bb50&Prime; gutter_size=\u00a0\u00bb3&Prime; column_width_percent=\u00a0\u00bb100&Prime; shift_y=\u00a0\u00bb0&Prime; z_index=\u00a0\u00bb0&Prime; top_divider=\u00a0\u00bbgradient\u00a0\u00bb uncode_shortcode_id=\u00a0\u00bb150357&Prime;][vc_column column_width_percent=\u00a0\u00bb100&Prime; position_vertical=\u00a0\u00bbmiddle\u00a0\u00bb [&hellip;]<\/p>\n","protected":false},"author":1,"featured_media":0,"parent":0,"menu_order":0,"comment_status":"closed","ping_status":"closed","template":"","meta":{"footnotes":""},"class_list":["post-117876","page","type-page","status-publish","hentry"],"_links":{"self":[{"href":"https:\/\/espacesantefamille.com\/index.php\/wp-json\/wp\/v2\/pages\/117876","targetHints":{"allow":["GET"]}}],"collection":[{"href":"https:\/\/espacesantefamille.com\/index.php\/wp-json\/wp\/v2\/pages"}],"about":[{"href":"https:\/\/espacesantefamille.com\/index.php\/wp-json\/wp\/v2\/types\/page"}],"author":[{"embeddable":true,"href":"https:\/\/espacesantefamille.com\/index.php\/wp-json\/wp\/v2\/users\/1"}],"replies":[{"embeddable":true,"href":"https:\/\/espacesantefamille.com\/index.php\/wp-json\/wp\/v2\/comments?post=117876"}],"version-history":[{"count":6,"href":"https:\/\/espacesantefamille.com\/index.php\/wp-json\/wp\/v2\/pages\/117876\/revisions"}],"predecessor-version":[{"id":118195,"href":"https:\/\/espacesantefamille.com\/index.php\/wp-json\/wp\/v2\/pages\/117876\/revisions\/118195"}],"wp:attachment":[{"href":"https:\/\/espacesantefamille.com\/index.php\/wp-json\/wp\/v2\/media?parent=117876"}],"curies":[{"name":"wp","href":"https:\/\/api.w.org\/{rel}","templated":true}]}}