{"id":117916,"date":"2023-07-12T16:35:03","date_gmt":"2023-07-12T14:35:03","guid":{"rendered":"http:\/\/espacesantefamille.com\/?page_id=117916"},"modified":"2025-11-04T22:31:04","modified_gmt":"2025-11-04T21:31:04","slug":"rencontre","status":"publish","type":"page","link":"https:\/\/espacesantefamille.com\/index.php\/rencontre\/","title":{"rendered":"Rencontre"},"content":{"rendered":"<div class=\"wpb-content-wrapper\"><p>[vc_row row_height_percent=\u00a0\u00bb65&Prime; override_padding=\u00a0\u00bbyes\u00a0\u00bb h_padding=\u00a0\u00bb2&Prime; top_padding=\u00a0\u00bb3&Prime; bottom_padding=\u00a0\u00bb3&Prime; back_image=\u00a0\u00bb117996&Prime; back_position=\u00a0\u00bbcenter center\u00a0\u00bb parallax=\u00a0\u00bbyes\u00a0\u00bb kburns=\u00a0\u00bbzoom\u00a0\u00bb overlay_alpha=\u00a0\u00bb50&Prime; gutter_size=\u00a0\u00bb3&Prime; column_width_percent=\u00a0\u00bb100&Prime; shift_y=\u00a0\u00bb0&Prime; z_index=\u00a0\u00bb0&Prime; top_divider=\u00a0\u00bbgradient\u00a0\u00bb uncode_shortcode_id=\u00a0\u00bb161462&Prime;][vc_column column_width_percent=\u00a0\u00bb100&Prime; position_vertical=\u00a0\u00bbmiddle\u00a0\u00bb gutter_size=\u00a0\u00bb2&Prime; style=\u00a0\u00bbdark\u00a0\u00bb overlay_alpha=\u00a0\u00bb50&Prime; shift_x=\u00a0\u00bb0&Prime; shift_y=\u00a0\u00bb0&Prime; shift_y_down=\u00a0\u00bb0&Prime; z_index=\u00a0\u00bb0&Prime; medium_width=\u00a0\u00bb0&Prime; mobile_width=\u00a0\u00bb0&Prime; width=\u00a0\u00bb1\/1&Prime;][\/vc_column][\/vc_row][vc_row row_height_percent=\u00a0\u00bb0&Prime; override_padding=\u00a0\u00bbyes\u00a0\u00bb h_padding=\u00a0\u00bb2&Prime; top_padding=\u00a0\u00bb4&Prime; bottom_padding=\u00a0\u00bb2&Prime; back_color=\u00a0\u00bbcolor-xsdn\u00a0\u00bb overlay_alpha=\u00a0\u00bb50&Prime; gutter_size=\u00a0\u00bb3&Prime; column_width_percent=\u00a0\u00bb100&Prime; shift_y=\u00a0\u00bb0&Prime; z_index=\u00a0\u00bb0&Prime; uncode_shortcode_id=\u00a0\u00bb170893&Prime; back_color_type=\u00a0\u00bbuncode-palette\u00a0\u00bb][vc_column column_width_percent=\u00a0\u00bb100&Prime; position_vertical=\u00a0\u00bbmiddle\u00a0\u00bb align_horizontal=\u00a0\u00bbalign_center\u00a0\u00bb gutter_size=\u00a0\u00bb3&Prime; overlay_alpha=\u00a0\u00bb50&Prime; shift_x=\u00a0\u00bb0&Prime; shift_y=\u00a0\u00bb0&Prime; shift_y_down=\u00a0\u00bb0&Prime; z_index=\u00a0\u00bb0&Prime; medium_width=\u00a0\u00bb0&Prime; mobile_width=\u00a0\u00bb0&Prime; width=\u00a0\u00bb1\/1&Prime; uncode_shortcode_id=\u00a0\u00bb302842&Prime;][vc_custom_heading text_color=\u00a0\u00bbcolor-jevc\u00a0\u00bb text_weight=\u00a0\u00bb700&Prime; text_transform=\u00a0\u00bbuppercase\u00a0\u00bb uncode_shortcode_id=\u00a0\u00bb108439&Prime; text_color_type=\u00a0\u00bbuncode-palette\u00a0\u00bb]NOS DIFF\u00c9RENTES SP\u00c9CIALIT\u00c9S[\/vc_custom_heading][vc_gallery el_id=\u00a0\u00bbgallery-199687&Prime; type=\u00a0\u00bbcarousel\u00a0\u00bb medias=\u00a0\u00bb118678,118537,118540,118538,118539&Prime; carousel_lg=\u00a0\u00bb4&Prime; carousel_md=\u00a0\u00bb2&Prime; carousel_sm=\u00a0\u00bb1&Prime; gutter_size=\u00a0\u00bb2&Prime; media_items=\u00a0\u00bbmedia|custom_link|original,icon\u00a0\u00bb carousel_interval=\u00a0\u00bb3000&Prime; carousel_navspeed=\u00a0\u00bb400&Prime; carousel_loop=\u00a0\u00bbyes\u00a0\u00bb carousel_nav=\u00a0\u00bbyes\u00a0\u00bb carousel_dots=\u00a0\u00bbyes\u00a0\u00bb stage_padding=\u00a0\u00bb0&Prime; single_overlay_opacity=\u00a0\u00bb50&Prime; single_overlay_anim=\u00a0\u00bbno\u00a0\u00bb single_h_align=\u00a0\u00bbcenter\u00a0\u00bb single_padding=\u00a0\u00bb2&Prime; single_border=\u00a0\u00bbyes\u00a0\u00bb uncode_shortcode_id=\u00a0\u00bb868845&Prime; items=\u00a0\u00bbeyIxMTgzMzRfaSI6eyJzaW5nbGVfbGluayI6InVybDpodHRwcyUzQSUyRiUyRmVzcGFjZXNhbnRlZmFtaWxsZS5jb20lMkZpbmRleC5waHAlMkZwcmV2ZW50aW9uJTJGfHRpdGxlOlByZXZlbnRpb258dGFyZ2V0Ol9ibGFuayJ9LCIxMTgzMzVfaSI6eyJzaW5nbGVfbGluayI6InVybDpodHRwcyUzQSUyRiUyRmVzcGFjZXNhbnRlZmFtaWxsZS5jb20lMkZpbmRleC5waHAlMkZyZW5jb250cmUlMkZ8dGl0bGU6UmVuY29udHJlfHRhcmdldDpfYmxhbmsifSwiMTE4MzM2X2kiOnsic2luZ2xlX2xpbmsiOiJ1cmw6aHR0cHMlM0ElMkYlMkZlc3BhY2VzYW50ZWZhbWlsbGUuY29tJTJGaW5kZXgucGhwJTJGcmVzZWF1JTJGfHRpdGxlOlJlc2VhdXx0YXJnZXQ6X2JsYW5rIn0sIjExODM1NV9pIjp7InNpbmdsZV9saW5rIjoidXJsOmh0dHBzJTNBJTJGJTJGZXNwYWNlc2FudGVmYW1pbGxlLmNvbSUyRmluZGV4LnBocCUyRmZhbWlsbGUlMkZ8dGl0bGU6RmFtaWxsZXx0YXJnZXQ6X2JsYW5rIn0sIjExODM1NF9pIjp7InNpbmdsZV9saW5rIjoidXJsOmh0dHBzJTNBJTJGJTJGZXNwYWNlc2FudGVmYW1pbGxlLmNvbSUyRmluZGV4LnBocCUyRmV4aWwlMkZ8dGl0bGU6RXhpbHx0YXJnZXQ6X2JsYW5rIn0sIjExODM1M19pIjp7InNpbmdsZV9saW5rIjoidXJsOmh0dHBzJTNBJTJGJTJGZXNwYWNlc2FudGVmYW1pbGxlLmNvbSUyRmluZGV4LnBocCUyRmVuZmFudCUyRnx0aXRsZTpFbmZhbnR8dGFyZ2V0Ol9ibGFuayJ9LCIxMTgzNTFfaSI6eyJzaW5nbGVfbGluayI6InVybDpodHRwcyUzQSUyRiUyRmVzcGFjZXNhbnRlZmFtaWxsZS5jb20lMkZpbmRleC5waHAlMkZhZHVsdGUlMkZ8dGl0bGU6QWR1bHRlfHRhcmdldDpfYmxhbmsifSwiMTE4MzUyX2kiOnsic2luZ2xlX2xpbmsiOiJ1cmw6aHR0cHMlM0ElMkYlMkZlc3BhY2VzYW50ZWZhbWlsbGUuY29tJTJGaW5kZXgucGhwJTJGY291cGxlJTJGfHRpdGxlOkNvdXBsZXx0YXJnZXQ6X2JsYW5rIn0sIjExODM1MF9pIjp7InNpbmdsZV9saW5rIjoidXJsOmh0dHBzJTNBJTJGJTJGZXNwYWNlc2FudGVmYW1pbGxlLmNvbSUyRmluZGV4LnBocCUyRmEtZG9taWNpbCUyRnx0aXRsZTpBJTIwZG9taWNpbHx0YXJnZXQ6X2JsYW5rIn0sIjExODM5MF9pIjp7InNpbmdsZV9saW5rIjoidXJsOmh0dHBzJTNBJTJGJTJGZXNwYWNlc2FudGVmYW1pbGxlLmNvbSUyRmluZGV4LnBocCUyRmZhbWlsbGUlMkZ8dGl0bGU6RmFtaWxsZXx0YXJnZXQ6X2JsYW5rIn0sIjExODM5MV9pIjp7InNpbmdsZV9saW5rIjoidXJsOmh0dHBzJTNBJTJGJTJGZXNwYWNlc2FudGVmYW1pbGxlLmNvbSUyRmluZGV4LnBocCUyRmNvdXBsZSUyRnx0aXRsZTpDb3VwbGV8dGFyZ2V0Ol9ibGFuayJ9LCIxMTgzOTJfaSI6eyJzaW5nbGVfbGluayI6InVybDpodHRwcyUzQSUyRiUyRmVzcGFjZXNhbnRlZmFtaWxsZS5jb20lMkZpbmRleC5waHAlMkZhZHVsdGUlMkZ8dGl0bGU6QWR1bHRlIn0sIjExODM5M19pIjp7InNpbmdsZV9saW5rIjoidXJsOmh0dHBzJTNBJTJGJTJGZXNwYWNlc2FudGVmYW1pbGxlLmNvbSUyRmluZGV4LnBocCUyRmVuZmFudCUyRnx0aXRsZTpFbmZhbnR8dGFyZ2V0Ol9ibGFuayJ9LCIxMTgzOTRfaSI6eyJzaW5nbGVfbGluayI6InVybDpodHRwcyUzQSUyRiUyRmVzcGFjZXNhbnRlZmFtaWxsZS5jb20lMkZpbmRleC5waHAlMkZleGlsJTJGfHRpdGxlOkV4aWx8dGFyZ2V0Ol9ibGFuayJ9LCIxMTgzOTVfaSI6eyJzaW5nbGVfbGluayI6InVybDpodHRwcyUzQSUyRiUyRmVzcGFjZXNhbnRlZmFtaWxsZS5jb20lMkZpbmRleC5waHAlMkZhLWRvbWljaWwlMkZ8dGl0bGU6QSUyMGRvbWljaWx8dGFyZ2V0Ol9ibGFuayJ9LCIxMTg0MjhfaSI6eyJzaW5nbGVfbGluayI6InVybDpodHRwcyUzQSUyRiUyRmVzcGFjZXNhbnRlZmFtaWxsZS5jb20lMkZpbmRleC5waHAlMkZmYW1pbGxlJTJGfHRpdGxlOkZhbWlsbGV8dGFyZ2V0Ol9ibGFuayJ9LCIxMTg0MjlfaSI6eyJzaW5nbGVfbGluayI6InVybDpodHRwcyUzQSUyRiUyRmVzcGFjZXNhbnRlZmFtaWxsZS5jb20lMkZpbmRleC5waHAlMkZjb3VwbGUlMkZ8dGl0bGU6Q291cGxlfHRhcmdldDpfYmxhbmsifSwiMTE4NDMwX2kiOnsic2luZ2xlX2xpbmsiOiJ1cmw6aHR0cHMlM0ElMkYlMkZlc3BhY2VzYW50ZWZhbWlsbGUuY29tJTJGaW5kZXgucGhwJTJGYWR1bHRlJTJGfHRpdGxlOkFkdWx0ZXx0YXJnZXQ6X2JsYW5rIn0sIjExODQzMV9pIjp7InNpbmdsZV9saW5rIjoidXJsOmh0dHBzJTNBJTJGJTJGZXNwYWNlc2FudGVmYW1pbGxlLmNvbSUyRmluZGV4LnBocCUyRmVuZmFudCUyRnx0aXRsZTpFbmZhbnR8dGFyZ2V0Ol9ibGFuayJ9LCIxMTg0MzJfaSI6eyJzaW5nbGVfbGluayI6InVybDpodHRwcyUzQSUyRiUyRmVzcGFjZXNhbnRlZmFtaWxsZS5jb20lMkZpbmRleC5waHAlMkZleGlsJTJGfHRpdGxlOkV4aWx8dGFyZ2V0Ol9ibGFuayJ9LCIxMTg0MzNfaSI6eyJzaW5nbGVfbGluayI6InVybDpodHRwcyUzQSUyRiUyRmVzcGFjZXNhbnRlZmFtaWxsZS5jb20lMkZpbmRleC5waHAlMkZhLWRvbWljaWwlMkZ8dGl0bGU6QSUyMGRvbWljaWx8dGFyZ2V0Ol9ibGFuayJ9LCIxMTg1NDBfaSI6eyJzaW5nbGVfdGV4dCI6Im92ZXJsYXkifX0=\u00a0\u00bb][\/vc_column][\/vc_row][vc_row row_height_percent=\u00a0\u00bb0&Prime; override_padding=\u00a0\u00bbyes\u00a0\u00bb h_padding=\u00a0\u00bb2&Prime; top_padding=\u00a0\u00bb5&Prime; bottom_padding=\u00a0\u00bb5&Prime; back_color=\u00a0\u00bbcolor-xsdn\u00a0\u00bb overlay_alpha=\u00a0\u00bb50&Prime; gutter_size=\u00a0\u00bb4&Prime; column_width_percent=\u00a0\u00bb100&Prime; shift_y=\u00a0\u00bb0&Prime; z_index=\u00a0\u00bb1&Prime; top_divider=\u00a0\u00bbgradient\u00a0\u00bb bottom_divider=\u00a0\u00bbgradient\u00a0\u00bb uncode_shortcode_id=\u00a0\u00bb497651&Prime; back_color_type=\u00a0\u00bbuncode-palette\u00a0\u00bb][vc_column column_width_percent=\u00a0\u00bb100&Prime; gutter_size=\u00a0\u00bb2&Prime; overlay_alpha=\u00a0\u00bb50&Prime; shift_x=\u00a0\u00bb0&Prime; shift_y=\u00a0\u00bb0&Prime; shift_y_down=\u00a0\u00bb0&Prime; z_index=\u00a0\u00bb0&Prime; medium_width=\u00a0\u00bb0&Prime; mobile_width=\u00a0\u00bb0&Prime; width=\u00a0\u00bb1\/1&Prime;][vc_custom_heading text_color=\u00a0\u00bbcolor-jevc\u00a0\u00bb heading_semantic=\u00a0\u00bbh6&Prime; text_size=\u00a0\u00bbh6&Prime; text_transform=\u00a0\u00bbuppercase\u00a0\u00bb css_animation=\u00a0\u00bbzoom-out\u00a0\u00bb uncode_shortcode_id=\u00a0\u00bb127062&Prime; text_color_type=\u00a0\u00bbuncode-palette\u00a0\u00bb]<\/p>\n<div class=\"page\" title=\"Page 1\">\n<div class=\"section\">\n<div class=\"layoutArea\">\n<div class=\"column\">\n<h2><span style=\"color: #f9ecdd;\"><b>|&nbsp;<\/b><\/span>\ud83e\udd1d Axe Rencontre &amp; \u00c9change<span style=\"color: #f9ecdd;\">.<\/span><\/h2>\n<\/div>\n<\/div>\n<\/div>\n<\/div>\n<p>[\/vc_custom_heading][vc_row_inner][vc_column_inner width=\u00a0\u00bb1\/1&Prime;][vc_column_text text_color=\u00a0\u00bbcolor-jevc\u00a0\u00bb uncode_shortcode_id=\u00a0\u00bb184711&Prime; text_color_type=\u00a0\u00bbuncode-palette\u00a0\u00bb]<\/p>\n<div class=\"flex-1 overflow-hidden\">\n<div class=\"react-scroll-to-bottom--css-cmlgt-79elbk h-full\">\n<div class=\"react-scroll-to-bottom--css-cmlgt-1n7m0yu\">\n<div class=\"flex flex-col text-sm pb-9\">\n<div class=\"w-full text-token-text-primary\" data-testid=\"conversation-turn-13\">\n<div class=\"px-4 py-2 justify-center text-base md:gap-6 m-auto\">\n<div class=\"flex flex-1 text-base mx-auto gap-3 md:px-5 lg:px-1 xl:px-5 md:max-w-3xl lg:max-w-[40rem] xl:max-w-[48rem] group final-completion\">\n<div class=\"relative flex w-full flex-col agent-turn\">\n<div class=\"flex-col gap-1 md:gap-3\">\n<div class=\"flex flex-grow flex-col max-w-full\">\n<div class=\"min-h-[20px] text-message flex flex-col items-start gap-3 whitespace-pre-wrap break-words [.text-message+&amp;]:mt-5 overflow-x-auto\" data-message-author-role=\"assistant\" data-message-id=\"79770f73-7be2-40ac-8092-4698d616bf18\">\n<div class=\"markdown prose w-full break-words dark:prose-invert light\">\n<h3 data-start=\"164\" data-end=\"244\"><strong data-start=\"164\" data-end=\"242\">Cr\u00e9er du lien, favoriser la rencontre et encourager l\u2019ouverture aux autres<\/strong><\/h3>\n<p data-start=\"246\" data-end=\"510\">L\u2019axe <strong data-start=\"252\" data-end=\"276\">Rencontre et \u00c9change<\/strong> vise \u00e0 renforcer le tissu social et familial en offrant des espaces de partage, d\u2019\u00e9coute et de collaboration.<br data-start=\"386\" data-end=\"389\">Nous mettons en place diff\u00e9rentes <strong data-start=\"423\" data-end=\"464\">initiatives favorisant le lien humain<\/strong>, l\u2019expression personnelle et la solidarit\u00e9.<\/p>\n<hr data-start=\"512\" data-end=\"515\">\n<h3 data-start=\"517\" data-end=\"549\"><strong data-start=\"522\" data-end=\"549\">Nos actions principales<\/strong><\/h3>\n<ul data-start=\"550\" data-end=\"999\">\n<li data-start=\"550\" data-end=\"664\">\n<p data-start=\"552\" data-end=\"664\"><strong data-start=\"552\" data-end=\"599\">Espaces de rencontre et ateliers collectifs<\/strong> destin\u00e9s aux personnes isol\u00e9es ou en recherche de lien social.<\/p>\n<\/li>\n<li data-start=\"665\" data-end=\"820\">\n<p data-start=\"667\" data-end=\"820\"><strong data-start=\"667\" data-end=\"688\">Groupes de parole<\/strong> et <strong data-start=\"692\" data-end=\"720\">programmes de rencontres<\/strong> sp\u00e9cialement con\u00e7us pour les personnes seules, afin de rompre l\u2019isolement et favoriser l\u2019\u00e9change.<\/p>\n<\/li>\n<li data-start=\"821\" data-end=\"999\">\n<p data-start=\"823\" data-end=\"999\"><strong data-start=\"823\" data-end=\"864\">Encadrement des visites parent-enfant<\/strong>, assur\u00e9 par une \u00e9quipe de psychologues, m\u00e9diateurs et \u00e9ducateurs, dans le cadre de notre d\u00e9marche d\u2019accompagnement \u00e0 la parentalit\u00e9.<\/p>\n<\/li>\n<\/ul>\n<hr data-start=\"1001\" data-end=\"1004\">\n<h3 data-start=\"1006\" data-end=\"1040\"><strong data-start=\"1011\" data-end=\"1040\">Projets et collaborations<\/strong><\/h3>\n<ul data-start=\"1041\" data-end=\"1688\">\n<li data-start=\"1041\" data-end=\"1220\">\n<p data-start=\"1043\" data-end=\"1220\"><strong data-start=\"1043\" data-end=\"1093\">S\u00e9jours \u00e0 l\u2019\u00e9tranger pour jeunes en difficult\u00e9<\/strong>, organis\u00e9s en partenariat avec des <strong data-start=\"1129\" data-end=\"1156\">associations \u00e9trang\u00e8res<\/strong>, les <strong data-start=\"1162\" data-end=\"1182\">autorit\u00e9s belges<\/strong> et les <strong data-start=\"1190\" data-end=\"1217\">services de la jeunesse<\/strong>.<\/p>\n<\/li>\n<li data-start=\"1221\" data-end=\"1406\">\n<p data-start=\"1223\" data-end=\"1406\"><strong data-start=\"1223\" data-end=\"1273\">Partenariats institutionnels et universitaires<\/strong> avec des <strong data-start=\"1283\" data-end=\"1324\">associations, h\u00f4pitaux et universit\u00e9s<\/strong> en Belgique et \u00e0 l\u2019\u00e9tranger, autour de la sant\u00e9, de la famille et du bien-\u00eatre.<\/p>\n<\/li>\n<li data-start=\"1407\" data-end=\"1545\">\n<p data-start=\"1409\" data-end=\"1545\"><strong data-start=\"1409\" data-end=\"1470\">Organisation de s\u00e9minaires et conf\u00e9rences internationales<\/strong>, favorisant la r\u00e9flexion et l\u2019\u00e9change de pratiques entre professionnels.<\/p>\n<\/li>\n<li data-start=\"1546\" data-end=\"1688\">\n<p data-start=\"1548\" data-end=\"1688\"><strong data-start=\"1548\" data-end=\"1573\">Accueil de stagiaires<\/strong>, notamment issus du programme <strong data-start=\"1604\" data-end=\"1615\">Erasmus<\/strong>, souhaitant participer activement \u00e0 nos projets et actions de terrain.<\/p>\n<\/li>\n<\/ul>\n<hr data-start=\"1690\" data-end=\"1693\">\n<h3 data-start=\"1695\" data-end=\"1718\"><strong data-start=\"1700\" data-end=\"1718\">Nos \u00e9v\u00e9nements<\/strong><\/h3>\n<p data-start=\"1719\" data-end=\"1771\">Nous proposons \u00e9galement tout au long de l\u2019ann\u00e9e :<\/p>\n<ul data-start=\"1772\" data-end=\"2043\">\n<li data-start=\"1772\" data-end=\"1792\">\n<p data-start=\"1774\" data-end=\"1792\">des <strong data-start=\"1778\" data-end=\"1789\">voyages<\/strong>,<\/p>\n<\/li>\n<li data-start=\"1793\" data-end=\"1816\">\n<p data-start=\"1795\" data-end=\"1816\">des <strong data-start=\"1799\" data-end=\"1813\">animations<\/strong>,<\/p>\n<\/li>\n<li data-start=\"1817\" data-end=\"1850\">\n<p data-start=\"1819\" data-end=\"1850\">des <strong data-start=\"1823\" data-end=\"1847\">stages et formations<\/strong>,<\/p>\n<\/li>\n<li data-start=\"1851\" data-end=\"2043\">\n<p data-start=\"1853\" data-end=\"2043\">des <strong data-start=\"1857\" data-end=\"1870\">colloques<\/strong>, <strong data-start=\"1872\" data-end=\"1883\">congr\u00e8s<\/strong> et <strong data-start=\"1887\" data-end=\"1918\">rencontres professionnelles<\/strong>,<br data-start=\"1919\" data-end=\"1922\">en lien direct ou indirect avec notre mission sociale : <strong data-start=\"1978\" data-end=\"2040\">promouvoir la sant\u00e9, le bien-\u00eatre et la coh\u00e9sion familiale<\/strong>.<\/p>\n<\/li>\n<\/ul>\n<\/div>\n<\/div>\n<\/div>\n<\/div>\n<\/div>\n<\/div>\n<\/div>\n<\/div>\n<\/div>\n<\/div>\n<\/div>\n<\/div>\n<p>[\/vc_column_text][\/vc_column_inner][\/vc_row_inner][\/vc_column][\/vc_row]<\/p>\n<\/div>","protected":false},"excerpt":{"rendered":"<p>[vc_row row_height_percent=\u00a0\u00bb65&Prime; override_padding=\u00a0\u00bbyes\u00a0\u00bb h_padding=\u00a0\u00bb2&Prime; top_padding=\u00a0\u00bb3&Prime; bottom_padding=\u00a0\u00bb3&Prime; back_image=\u00a0\u00bb117996&Prime; back_position=\u00a0\u00bbcenter center\u00a0\u00bb parallax=\u00a0\u00bbyes\u00a0\u00bb kburns=\u00a0\u00bbzoom\u00a0\u00bb overlay_alpha=\u00a0\u00bb50&Prime; gutter_size=\u00a0\u00bb3&Prime; column_width_percent=\u00a0\u00bb100&Prime; shift_y=\u00a0\u00bb0&Prime; z_index=\u00a0\u00bb0&Prime; top_divider=\u00a0\u00bbgradient\u00a0\u00bb uncode_shortcode_id=\u00a0\u00bb161462&Prime;][vc_column column_width_percent=\u00a0\u00bb100&Prime; position_vertical=\u00a0\u00bbmiddle\u00a0\u00bb [&hellip;]<\/p>\n","protected":false},"author":1,"featured_media":0,"parent":0,"menu_order":0,"comment_status":"closed","ping_status":"closed","template":"","meta":{"footnotes":""},"class_list":["post-117916","page","type-page","status-publish","hentry"],"_links":{"self":[{"href":"https:\/\/espacesantefamille.com\/index.php\/wp-json\/wp\/v2\/pages\/117916","targetHints":{"allow":["GET"]}}],"collection":[{"href":"https:\/\/espacesantefamille.com\/index.php\/wp-json\/wp\/v2\/pages"}],"about":[{"href":"https:\/\/espacesantefamille.com\/index.php\/wp-json\/wp\/v2\/types\/page"}],"author":[{"embeddable":true,"href":"https:\/\/espacesantefamille.com\/index.php\/wp-json\/wp\/v2\/users\/1"}],"replies":[{"embeddable":true,"href":"https:\/\/espacesantefamille.com\/index.php\/wp-json\/wp\/v2\/comments?post=117916"}],"version-history":[{"count":18,"href":"https:\/\/espacesantefamille.com\/index.php\/wp-json\/wp\/v2\/pages\/117916\/revisions"}],"predecessor-version":[{"id":118893,"href":"https:\/\/espacesantefamille.com\/index.php\/wp-json\/wp\/v2\/pages\/117916\/revisions\/118893"}],"wp:attachment":[{"href":"https:\/\/espacesantefamille.com\/index.php\/wp-json\/wp\/v2\/media?parent=117916"}],"curies":[{"name":"wp","href":"https:\/\/api.w.org\/{rel}","templated":true}]}}