{"id":65805,"date":"2017-09-04T14:54:31","date_gmt":"2017-09-04T12:54:31","guid":{"rendered":"https:\/\/undsgn.com\/uncode\/?page_id=65805"},"modified":"2023-08-10T16:38:16","modified_gmt":"2023-08-10T14:38:16","slug":"creative-director","status":"publish","type":"page","link":"https:\/\/espacesantefamille.com\/index.php\/creative-director\/","title":{"rendered":"Accueil2"},"content":{"rendered":"<div class=\"wpb-content-wrapper\"><p>[vc_row row_height_percent=\u00a0\u00bb85&Prime; override_padding=\u00a0\u00bbyes\u00a0\u00bb h_padding=\u00a0\u00bb2&Prime; top_padding=\u00a0\u00bb5&Prime; bottom_padding=\u00a0\u00bb5&Prime; back_image=\u00a0\u00bb118022&Prime; back_position=\u00a0\u00bbcenter top\u00a0\u00bb overlay_color=\u00a0\u00bbcolor-rgdb\u00a0\u00bb overlay_alpha=\u00a0\u00bb20&Prime; gutter_size=\u00a0\u00bb3&Prime; column_width_percent=\u00a0\u00bb100&Prime; shift_y=\u00a0\u00bb0&Prime; z_index=\u00a0\u00bb0&Prime; top_divider=\u00a0\u00bbgradient\u00a0\u00bb uncode_shortcode_id=\u00a0\u00bb831475&Prime; overlay_color_type=\u00a0\u00bbuncode-palette\u00a0\u00bb][vc_column column_width_percent=\u00a0\u00bb100&Prime; position_vertical=\u00a0\u00bbmiddle\u00a0\u00bb gutter_size=\u00a0\u00bb2&Prime; style=\u00a0\u00bbdark\u00a0\u00bb overlay_alpha=\u00a0\u00bb50&Prime; shift_x=\u00a0\u00bb0&Prime; shift_y=\u00a0\u00bb0&Prime; shift_y_down=\u00a0\u00bb0&Prime; z_index=\u00a0\u00bb0&Prime; medium_width=\u00a0\u00bb0&Prime; mobile_width=\u00a0\u00bb0&Prime; width=\u00a0\u00bb1\/1&Prime;][vc_custom_heading text_size=\u00a0\u00bbfontsize-374651&Prime; text_weight=\u00a0\u00bb900&Prime; uncode_shortcode_id=\u00a0\u00bb104718&Prime;]UN CENTRE SPECIALIS\u00c9[\/vc_custom_heading][vc_custom_heading text_color=\u00a0\u00bbcolor-xsdn\u00a0\u00bb text_size=\u00a0\u00bbh3&Prime; text_weight=\u00a0\u00bb700&Prime; uncode_shortcode_id=\u00a0\u00bb856289&Prime; text_color_type=\u00a0\u00bbuncode-palette\u00a0\u00bb]<\/p>\n<div class=\"page\" title=\"Page 1\">\n<div class=\"section\">\n<div class=\"layoutArea\">\n<div class=\"column\">\n<p>UN ESPACE ATTENTIF DE\u0301DIE\u0301 AUX BESOINS SPE\u0301CIFIQUES DE CHACUN<\/p>\n<\/div>\n<\/div>\n<\/div>\n<\/div>\n<p>[\/vc_custom_heading][vc_button button_color=\u00a0\u00bbcolor-112534&Prime; border_width=\u00a0\u00bb0&Prime; button_color_type=\u00a0\u00bbuncode-palette\u00a0\u00bb uncode_shortcode_id=\u00a0\u00bb107725&Prime;]R\u00c9SERVEZ EN LIGNE[\/vc_button][\/vc_column][\/vc_row][vc_row row_height_percent=\u00a0\u00bb0&Prime; override_padding=\u00a0\u00bbyes\u00a0\u00bb h_padding=\u00a0\u00bb2&Prime; top_padding=\u00a0\u00bb4&Prime; bottom_padding=\u00a0\u00bb2&Prime; back_color=\u00a0\u00bbcolor-xsdn\u00a0\u00bb overlay_alpha=\u00a0\u00bb50&Prime; gutter_size=\u00a0\u00bb3&Prime; column_width_percent=\u00a0\u00bb100&Prime; shift_y=\u00a0\u00bb0&Prime; z_index=\u00a0\u00bb0&Prime; uncode_shortcode_id=\u00a0\u00bb665535&Prime; back_color_type=\u00a0\u00bbuncode-palette\u00a0\u00bb][vc_column column_width_percent=\u00a0\u00bb100&Prime; gutter_size=\u00a0\u00bb3&Prime; overlay_alpha=\u00a0\u00bb50&Prime; shift_x=\u00a0\u00bb0&Prime; shift_y=\u00a0\u00bb0&Prime; shift_y_down=\u00a0\u00bb5&Prime; z_index=\u00a0\u00bb0&Prime; medium_width=\u00a0\u00bb0&Prime; mobile_width=\u00a0\u00bb0&Prime; width=\u00a0\u00bb1\/1&Prime; uncode_shortcode_id=\u00a0\u00bb163338&Prime;][vc_custom_heading text_color=\u00a0\u00bbcolor-112534&Prime; text_size=\u00a0\u00bbfontsize-374651&Prime; text_weight=\u00a0\u00bb900&Prime; uncode_shortcode_id=\u00a0\u00bb192105&Prime; text_color_type=\u00a0\u00bbuncode-palette\u00a0\u00bb]Bienvenue \u00e0 l\u2019espace sant\u00e9 famille.[\/vc_custom_heading][vc_column_text uncode_shortcode_id=\u00a0\u00bb155854&Prime;]L\u2019Espace Sant\u00e9 Famille est un lieu de pr\u00e9vention, de rencontre, d\u2019orientation et de prise en charge th\u00e9rapeutique o\u00f9 se rejoignent des praticiens dans l\u2019accompagnement des familles. Il refl\u00e8te la multiculturalit\u00e9 de la soci\u00e9t\u00e9 bruxelloise. Il a \u00e9t\u00e9 cr\u00e9\u00e9 avec pour objectif de proposer un espace qui s\u2019articule autour de trois axes d\u2019interventions o\u00f9 le soin.[\/vc_column_text][\/vc_column][\/vc_row][vc_row unlock_row_content=\u00a0\u00bbyes\u00a0\u00bb row_height_percent=\u00a0\u00bb0&Prime; override_padding=\u00a0\u00bbyes\u00a0\u00bb h_padding=\u00a0\u00bb0&Prime; top_padding=\u00a0\u00bb0&Prime; bottom_padding=\u00a0\u00bb0&Prime; back_color=\u00a0\u00bbcolor-xsdn\u00a0\u00bb overlay_alpha=\u00a0\u00bb100&Prime; gutter_size=\u00a0\u00bb100&Prime; column_width_percent=\u00a0\u00bb100&Prime; shift_y=\u00a0\u00bb0&Prime; z_index=\u00a0\u00bb0&Prime; style=\u00a0\u00bbinherited\u00a0\u00bb uncode_shortcode_id=\u00a0\u00bb739082&Prime; back_color_type=\u00a0\u00bbuncode-palette\u00a0\u00bb][vc_column column_width_percent=\u00a0\u00bb100&Prime; align_horizontal=\u00a0\u00bbalign_center\u00a0\u00bb gutter_size=\u00a0\u00bb3&Prime; overlay_alpha=\u00a0\u00bb50&Prime; shift_x=\u00a0\u00bb0&Prime; shift_y=\u00a0\u00bb0&Prime; medium_width=\u00a0\u00bb0&Prime; zoom_width=\u00a0\u00bb0&Prime; zoom_height=\u00a0\u00bb0&Prime; width=\u00a0\u00bb1\/1&Prime;][vc_gallery el_id=\u00a0\u00bbgallery-958453445&Prime; medias=\u00a0\u00bb117853,117859,117863,117855,117850&Prime; gutter_size=\u00a0\u00bb1&Prime; media_items=\u00a0\u00bbmedia|lightbox|original,description\u00a0\u00bb screen_lg=\u00a0\u00bb1000&Prime; screen_md=\u00a0\u00bb600&Prime; screen_sm=\u00a0\u00bb480&Prime; single_width=\u00a0\u00bb3&Prime; images_size=\u00a0\u00bbone-one\u00a0\u00bb single_overlay_opacity=\u00a0\u00bb1&Prime; single_text_anim_type=\u00a0\u00bbbtt\u00a0\u00bb single_image_magnetic=\u00a0\u00bbyes\u00a0\u00bb single_h_align=\u00a0\u00bbcenter\u00a0\u00bb single_padding=\u00a0\u00bb2&Prime; single_title_dimension=\u00a0\u00bbh2&Prime; single_title_weight=\u00a0\u00bb600&Prime; single_icon=\u00a0\u00bbfa fa-search3&Prime; single_border=\u00a0\u00bbyes\u00a0\u00bb single_css_animation=\u00a0\u00bbbottom-t-top\u00a0\u00bb single_animation_delay=\u00a0\u00bb200&Prime; post_matrix=\u00a0\u00bbmatrix\u00a0\u00bb matrix_amount=\u00a0\u00bb6&Prime; lbox_caption=\u00a0\u00bbyes\u00a0\u00bb no_double_tap=\u00a0\u00bbyes\u00a0\u00bb carousel_rtl=\u00a0\u00bb\u00a0\u00bb single_title_uppercase=\u00a0\u00bb\u00a0\u00bb single_title_bold=\u00a0\u00bb\u00a0\u00bb single_title_serif=\u00a0\u00bb\u00a0\u00bb onclick=\u00a0\u00bblink_image\u00a0\u00bb custom_links_target=\u00a0\u00bb_self\u00a0\u00bb single_half_padding=\u00a0\u00bb\u00a0\u00bb single_no_background=\u00a0\u00bb\u00a0\u00bb uncode_shortcode_id=\u00a0\u00bb178603&Prime; matrix_items=\u00a0\u00bbeyIwX2kiOnsic2luZ2xlX3dpZHRoIjoiNiJ9LCI1X2kiOnsic2luZ2xlX3dpZHRoIjoiNiJ9fQ==\u00a0\u00bb][\/vc_column][\/vc_row][vc_row row_height_percent=\u00a0\u00bb0&Prime; override_padding=\u00a0\u00bbyes\u00a0\u00bb h_padding=\u00a0\u00bb2&Prime; top_padding=\u00a0\u00bb3&Prime; bottom_padding=\u00a0\u00bb0&Prime; back_color=\u00a0\u00bbcolor-lxmt\u00a0\u00bb overlay_alpha=\u00a0\u00bb50&Prime; gutter_size=\u00a0\u00bb3&Prime; column_width_percent=\u00a0\u00bb100&Prime; shift_y=\u00a0\u00bb0&Prime; z_index=\u00a0\u00bb0&Prime; uncode_shortcode_id=\u00a0\u00bb689203&Prime; back_color_type=\u00a0\u00bbuncode-palette\u00a0\u00bb][vc_column column_width_percent=\u00a0\u00bb100&Prime; gutter_size=\u00a0\u00bb3&Prime; overlay_alpha=\u00a0\u00bb50&Prime; shift_x=\u00a0\u00bb0&Prime; shift_y=\u00a0\u00bb0&Prime; shift_y_down=\u00a0\u00bb5&Prime; z_index=\u00a0\u00bb0&Prime; medium_width=\u00a0\u00bb0&Prime; mobile_width=\u00a0\u00bb0&Prime; width=\u00a0\u00bb1\/1&Prime; uncode_shortcode_id=\u00a0\u00bb163338&Prime;][vc_custom_heading text_color=\u00a0\u00bbcolor-112534&Prime; text_size=\u00a0\u00bbfontsize-374651&Prime; text_weight=\u00a0\u00bb900&Prime; uncode_shortcode_id=\u00a0\u00bb394065&Prime; text_color_type=\u00a0\u00bbuncode-palette\u00a0\u00bb]Activit\u00e9s de l&rsquo;espace sant\u00e9 famille[\/vc_custom_heading][vc_row_inner][vc_column_inner width=\u00a0\u00bb1\/2&Prime;][vc_column_text uncode_shortcode_id=\u00a0\u00bb197620&Prime;]Actions autour de 3 axes en lien avec la sant\u00e9 et le bien-\u00eatre de l\u2019enfant et de la famille :<br \/>\n<strong>Axe Pr\u00e9vention :<\/strong><br \/>\n&#8211; Consultation dispens\u00e9es par des psychologues cliniciens, psychoth\u00e9rapeutes en diff\u00e9rentes langues, agr\u00e9\u00e9es par BRUMENTA &amp; BRUSTAR<br \/>\n&#8211; Consultations dispens\u00e9es par des psychologues et psychoth\u00e9rapeutes en diff\u00e9rentes langues pour les usagers du r\u00e9seaux FEDASIL CROIX-ROUGE, SAMU SOCIAL&#8230;<br \/>\n&#8211; Consultation dispens\u00e9es par des psychologues et psychoth\u00e9rapeutes en diff\u00e9rentes langues avec r\u00e9quisitoire pour les usagers du CPAS, OCMW<br \/>\n&#8211; Consultations dispens\u00e9es par des psychologues et psychoth\u00e9rapeutes en diff\u00e9rentes langues pour les personnes &gt;60 ans par le projet P3, BRUSANO<br \/>\n&#8211; Consultation de r\u00e9\u00e9ducation logop\u00e9dique, kin\u00e9sith\u00e9rapeutique<br \/>\n&#8211; Accompagnement dans les d\u00e9marches psycho-m\u00e9dico-sociales aupr\u00e8s des familles et usagers qui en font la demande<br \/>\n&#8211; Modules d&rsquo;\u00e9ducation \u00e0 la parentalit\u00e9 anim\u00e9s par des professionnels de la sant\u00e9 agr\u00e9\u00e9s<br \/>\n&#8211; Groupe de parole \u00e0 th\u00e8me et ateliers de sensibilisation (hippoth\u00e9rapie, massage b\u00e9b\u00e9, d\u00e9veloppement personnel, etc.)<br \/>\n&#8211; M\u00e9diation familiale &amp; interculturelle<br \/>\n&#8211; Intervention psychologiques et psychoth\u00e9rapeutiques en diff\u00e9rentes langues dans les espaces de proximit\u00e9 (maison de quartier, maison m\u00e9dicales, associations etc)[\/vc_column_text][\/vc_column_inner][vc_column_inner width=\u00a0\u00bb1\/2&Prime;][vc_column_text uncode_shortcode_id=\u00a0\u00bb958175&Prime;]<strong>Axe Rencontre :<\/strong><br \/>\n&#8211; Travail sur le lien affectif, social et relationnel (notamment : lutte contre solitude ou attachement pr\u00e9caire) via des groupes d&rsquo;\u00e9change et activit\u00e9 de rencontre<br \/>\n&#8211; Mise \u00e0 disposition d&rsquo;espaces adapt\u00e9 au travail du lien parent-enfant (salle de psychomotricit\u00e9, lieu de change, espace de jeux)<br \/>\n&#8211; Encadrement sous mandat ou base volontaire par un professionnel de la sant\u00e9 d&rsquo;un espace rencontre parent-enfant<br \/>\n<strong>Axe R\u00e9seau :<\/strong><br \/>\n&#8211; Lieu de supervision bi-mensuel, d&rsquo;\u00e9change, de r\u00e9flexion entre professionnels de la sant\u00e9<br \/>\n&#8211; Formations accessible aux professionnels et\/ou au public<br \/>\n&#8211; Mise \u00e0 disposition d&rsquo;une base de donn\u00e9es de professionnels avec des facilit\u00e9s linguistiques, habitu\u00e9s au public multiculturel<br \/>\n&#8211; Mise \u00e0 disposition des locaux adapt\u00e9s \u00e0 la prise en charge des familles aux professionnels de la sant\u00e9<br \/>\n&#8211; Mise \u00e0 disposition d&rsquo;une biblioth\u00e8que scientifique et d&rsquo;une testoth\u00e8que (outils d&rsquo;\u00e9valuation, testing psychologique, mat\u00e9riel param\u00e9dical)[\/vc_column_text][\/vc_column_inner][\/vc_row_inner][\/vc_column][\/vc_row][vc_row row_height_percent=\u00a0\u00bb67&Prime; override_padding=\u00a0\u00bbyes\u00a0\u00bb h_padding=\u00a0\u00bb2&Prime; top_padding=\u00a0\u00bb2&Prime; bottom_padding=\u00a0\u00bb2&Prime; back_color=\u00a0\u00bbcolor-xsdn\u00a0\u00bb back_image=\u00a0\u00bb117973&Prime; back_position=\u00a0\u00bbright center\u00a0\u00bb overlay_alpha=\u00a0\u00bb50&Prime; gutter_size=\u00a0\u00bb3&Prime; column_width_percent=\u00a0\u00bb100&Prime; shift_y=\u00a0\u00bb0&Prime; z_index=\u00a0\u00bb0&Prime; top_divider=\u00a0\u00bbgradient\u00a0\u00bb uncode_shortcode_id=\u00a0\u00bb193894&Prime; back_color_type=\u00a0\u00bbuncode-palette\u00a0\u00bb][vc_column column_width_percent=\u00a0\u00bb100&Prime; position_vertical=\u00a0\u00bbmiddle\u00a0\u00bb gutter_size=\u00a0\u00bb2&Prime; style=\u00a0\u00bbdark\u00a0\u00bb overlay_alpha=\u00a0\u00bb50&Prime; shift_x=\u00a0\u00bb0&Prime; shift_y=\u00a0\u00bb0&Prime; shift_y_down=\u00a0\u00bb0&Prime; z_index=\u00a0\u00bb0&Prime; medium_width=\u00a0\u00bb0&Prime; mobile_width=\u00a0\u00bb0&Prime; width=\u00a0\u00bb1\/1&Prime;][vc_custom_heading text_color=\u00a0\u00bbaccent\u00a0\u00bb heading_semantic=\u00a0\u00bbh1&Prime; text_size=\u00a0\u00bbfontsize-374651&Prime; text_weight=\u00a0\u00bb900&Prime; text_transform=\u00a0\u00bbuppercase\u00a0\u00bb uncode_shortcode_id=\u00a0\u00bb548256&Prime; text_color_type=\u00a0\u00bbuncode-palette\u00a0\u00bb]Prise de rendez-vous en ligne[\/vc_custom_heading][vc_button button_color=\u00a0\u00bbcolor-112534&Prime; border_width=\u00a0\u00bb0&Prime; button_color_type=\u00a0\u00bbuncode-palette\u00a0\u00bb uncode_shortcode_id=\u00a0\u00bb212416&Prime;]CONTACTEZ NOUS[\/vc_button][\/vc_column][\/vc_row]<\/p>\n<\/div>","protected":false},"excerpt":{"rendered":"<p>[vc_row row_height_percent=\u00a0\u00bb85&Prime; override_padding=\u00a0\u00bbyes\u00a0\u00bb h_padding=\u00a0\u00bb2&Prime; top_padding=\u00a0\u00bb5&Prime; bottom_padding=\u00a0\u00bb5&Prime; back_image=\u00a0\u00bb118022&Prime; back_position=\u00a0\u00bbcenter top\u00a0\u00bb overlay_color=\u00a0\u00bbcolor-rgdb\u00a0\u00bb overlay_alpha=\u00a0\u00bb20&Prime; gutter_size=\u00a0\u00bb3&Prime; column_width_percent=\u00a0\u00bb100&Prime; shift_y=\u00a0\u00bb0&Prime; z_index=\u00a0\u00bb0&Prime; top_divider=\u00a0\u00bbgradient\u00a0\u00bb uncode_shortcode_id=\u00a0\u00bb831475&Prime; overlay_color_type=\u00a0\u00bbuncode-palette\u00a0\u00bb][vc_column column_width_percent=\u00a0\u00bb100&Prime; position_vertical=\u00a0\u00bbmiddle\u00a0\u00bb [&hellip;]<\/p>\n","protected":false},"author":1,"featured_media":99652,"parent":0,"menu_order":0,"comment_status":"closed","ping_status":"closed","template":"","meta":{"footnotes":""},"class_list":["post-65805","page","type-page","status-publish","has-post-thumbnail","hentry","page_category-creative","page_category-freelance"],"_links":{"self":[{"href":"https:\/\/espacesantefamille.com\/index.php\/wp-json\/wp\/v2\/pages\/65805","targetHints":{"allow":["GET"]}}],"collection":[{"href":"https:\/\/espacesantefamille.com\/index.php\/wp-json\/wp\/v2\/pages"}],"about":[{"href":"https:\/\/espacesantefamille.com\/index.php\/wp-json\/wp\/v2\/types\/page"}],"author":[{"embeddable":true,"href":"https:\/\/espacesantefamille.com\/index.php\/wp-json\/wp\/v2\/users\/1"}],"replies":[{"embeddable":true,"href":"https:\/\/espacesantefamille.com\/index.php\/wp-json\/wp\/v2\/comments?post=65805"}],"version-history":[{"count":30,"href":"https:\/\/espacesantefamille.com\/index.php\/wp-json\/wp\/v2\/pages\/65805\/revisions"}],"predecessor-version":[{"id":118183,"href":"https:\/\/espacesantefamille.com\/index.php\/wp-json\/wp\/v2\/pages\/65805\/revisions\/118183"}],"wp:featuredmedia":[{"embeddable":true,"href":"https:\/\/espacesantefamille.com\/index.php\/wp-json\/wp\/v2\/media\/99652"}],"wp:attachment":[{"href":"https:\/\/espacesantefamille.com\/index.php\/wp-json\/wp\/v2\/media?parent=65805"}],"curies":[{"name":"wp","href":"https:\/\/api.w.org\/{rel}","templated":true}]}}